{"id":356,"date":"2021-02-26T11:52:27","date_gmt":"2021-02-26T11:52:27","guid":{"rendered":"https:\/\/lacoucourde-mairie.com\/?page_id=356"},"modified":"2026-02-19T08:55:33","modified_gmt":"2026-02-19T08:55:33","slug":"associations","status":"publish","type":"page","link":"https:\/\/lacoucourde-mairie.com\/associations\/","title":{"rendered":"Associations"},"content":{"rendered":"\n<h4 class=\"wp-block-heading\" id=\"page-composee-a-l-initiative-des-associations\"><em>Page compos\u00e9e \u00e0 l&rsquo;initiative des associations.<\/em><\/h4>\n\n\n\n<div class=\"wp-block-group\"><div class=\"wp-block-group__inner-container is-layout-flow wp-block-group-is-layout-flow\">\n<hr class=\"wp-block-separator has-alpha-channel-opacity\" id=\"alpion\"\/>\n\n\n\n<figure class=\"wp-block-image size-full is-resized is-style-rounded\"><img loading=\"lazy\" decoding=\"async\" width=\"433\" height=\"313\" src=\"https:\/\/lacoucourde-mairie.com\/wp-content\/uploads\/2022\/02\/ACCA1.jpg\" alt=\"\" class=\"wp-image-2146\" srcset=\"https:\/\/lacoucourde-mairie.com\/wp-content\/uploads\/2022\/02\/ACCA1.jpg 433w, https:\/\/lacoucourde-mairie.com\/wp-content\/uploads\/2022\/02\/ACCA1-300x217.jpg 300w\" sizes=\"auto, (max-width: 433px) 100vw, 433px\" \/><\/figure>\n\n\n\n<h2 class=\"wp-block-heading\" id=\"l-alpion-chasse\">L&rsquo;Alpion &#8211; ACCA<\/h2>\n\n\n\n<figure class=\"wp-block-image size-large is-resized\"><img loading=\"lazy\" decoding=\"async\" width=\"1024\" height=\"818\" src=\"https:\/\/lacoucourde-mairie.com\/wp-content\/uploads\/2024\/06\/AG-2024-nouveau-bureau-scaled-e1719149983194-1024x818.jpg\" alt=\"Bureau 2024\" class=\"wp-image-3144\" style=\"aspect-ratio:1;width:753px;height:auto\" srcset=\"https:\/\/lacoucourde-mairie.com\/wp-content\/uploads\/2024\/06\/AG-2024-nouveau-bureau-scaled-e1719149983194-1024x818.jpg 1024w, https:\/\/lacoucourde-mairie.com\/wp-content\/uploads\/2024\/06\/AG-2024-nouveau-bureau-scaled-e1719149983194-300x240.jpg 300w, https:\/\/lacoucourde-mairie.com\/wp-content\/uploads\/2024\/06\/AG-2024-nouveau-bureau-scaled-e1719149983194-768x613.jpg 768w, https:\/\/lacoucourde-mairie.com\/wp-content\/uploads\/2024\/06\/AG-2024-nouveau-bureau-scaled-e1719149983194-1536x1227.jpg 1536w, https:\/\/lacoucourde-mairie.com\/wp-content\/uploads\/2024\/06\/AG-2024-nouveau-bureau-scaled-e1719149983194-1352x1080.jpg 1352w, https:\/\/lacoucourde-mairie.com\/wp-content\/uploads\/2024\/06\/AG-2024-nouveau-bureau-scaled-e1719149983194.jpg 1693w\" sizes=\"auto, (max-width: 1024px) 100vw, 1024px\" \/><\/figure>\n\n\n\n<p>Assembl\u00e9e G\u00e9n\u00e9rale 23 juin 2024. Pr\u00e9sident : Michel <strong>DONOLATO<\/strong>, Secr\u00e9taire : Valentin <strong>GRIOT<\/strong>, Tr\u00e9sorier : Christophe <strong>CHAUDOUARD<\/strong>. (prochaine AG le 22 juin 2025)<\/p>\n\n\n\n<p> <strong>Membres<\/strong> : Michel ESPOSITO , C\u00e9dric QUENIN et K\u00e9vin LEFRANCOIS<br>Pour le bon fonctionnement de notre association : En p\u00e9riode de chasse : battues aux grands gibiers (sangliers et chevreuils), l\u00e2chers de gibier de tir (faisans et perdreaux). Hors p\u00e9riode de chasse : protection des cultures (cl\u00f4tures \u00e9lectriques), cr\u00e9ation de nouveaux postes de tir et am\u00e9nagement de notre territoire de chasse. <strong>Contact<\/strong> : <strong>Michel Donolato :06.61.57.54.04.<\/strong><\/p>\n\n\n\n<p><\/p>\n\n\n\n<p><\/p>\n<\/div><\/div>\n\n\n\n<div class=\"wp-block-group\"><div class=\"wp-block-group__inner-container is-layout-flow wp-block-group-is-layout-flow\">\n<hr class=\"wp-block-separator has-alpha-channel-opacity\" id=\"foudroyante\"\/>\n\n\n\n<h2 class=\"wp-block-heading\" id=\"ajb-la-foudroyante\">AJB &#8211; La foudroyante<\/h2>\n\n\n\n<figure class=\"wp-block-image size-large\"><img loading=\"lazy\" decoding=\"async\" width=\"1024\" height=\"790\" src=\"https:\/\/lacoucourde-mairie.com\/wp-content\/uploads\/2022\/10\/AG-2022-1024x790.jpg\" alt=\"\" class=\"wp-image-2549\" srcset=\"https:\/\/lacoucourde-mairie.com\/wp-content\/uploads\/2022\/10\/AG-2022-1024x790.jpg 1024w, https:\/\/lacoucourde-mairie.com\/wp-content\/uploads\/2022\/10\/AG-2022-300x232.jpg 300w, https:\/\/lacoucourde-mairie.com\/wp-content\/uploads\/2022\/10\/AG-2022-768x593.jpg 768w, https:\/\/lacoucourde-mairie.com\/wp-content\/uploads\/2022\/10\/AG-2022-1536x1186.jpg 1536w, https:\/\/lacoucourde-mairie.com\/wp-content\/uploads\/2022\/10\/AG-2022-2048x1581.jpg 2048w, https:\/\/lacoucourde-mairie.com\/wp-content\/uploads\/2022\/10\/AG-2022-1399x1080.jpg 1399w\" sizes=\"auto, (max-width: 1024px) 100vw, 1024px\" \/><figcaption class=\"wp-element-caption\"><strong>AJB LA FOUDROYANTE<\/strong><\/figcaption><\/figure>\n\n\n\n<p>Pr\u00e9sident : Daniel <strong>DESSAGNE<\/strong>, Secr\u00e9taire: J\u00e9r\u00e9my <strong>COMBE<\/strong>, Tr\u00e9sorier : Cyril <strong>CLOT<\/strong>,<br>Entra\u00eenements  les samedis \u00e0 partir de 16 H, lorsqu&rsquo;il n&rsquo;y a pas de concours. Toute personne int\u00e9ress\u00e9e par la pratique du jeu de boule lyonnaise ( la Longue)  peut se pr\u00e9senter le samedi au STADE BOULISTE, ou s&rsquo;inscrire aupr\u00e8s du Pr\u00e9sident ou du Tr\u00e9sorier.<\/p>\n\n\n\n<p><a href=\"mailto:ajblafoudroyante@hotmail.fr\">mail<\/a>: ajblafoudroyante@hotmail.fr<\/p>\n<\/div><\/div>\n\n\n\n<div class=\"wp-block-group\"><div class=\"wp-block-group__inner-container is-layout-flow wp-block-group-is-layout-flow\">\n<hr class=\"wp-block-separator has-alpha-channel-opacity\" id=\"lccountry\"\/>\n\n\n\n<h2 class=\"wp-block-heading\" id=\"l-c-country\">L.C Country<\/h2>\n\n\n\n<figure class=\"wp-block-image size-full is-resized\"><img loading=\"lazy\" decoding=\"async\" width=\"685\" height=\"524\" src=\"https:\/\/lacoucourde-mairie.com\/wp-content\/uploads\/2025\/06\/Bureau-membres-Country-2025.jpg\" alt=\"\" class=\"wp-image-3507\" style=\"width:397px;height:auto\" srcset=\"https:\/\/lacoucourde-mairie.com\/wp-content\/uploads\/2025\/06\/Bureau-membres-Country-2025.jpg 685w, https:\/\/lacoucourde-mairie.com\/wp-content\/uploads\/2025\/06\/Bureau-membres-Country-2025-300x229.jpg 300w\" sizes=\"auto, (max-width: 685px) 100vw, 685px\" \/><\/figure>\n\n\n\n<p>La nouvelle \u00e9quipe du LC Country Club de La Coucourde 2025                                                      Pr\u00e9sidente : Blandine <strong>COQUET<\/strong> &#8211; Tr\u00e9sori\u00e8re Christine <strong>FERRIER<\/strong> &#8211; Secr\u00e9taire Karine <strong>COURBARD<\/strong> . Membres: Marit\u00e9 Guillemard, Rosalba Bott\u00e9, Martine Donolato.<br>Les cours ont lieu le MARDI salle Pierre Bonnet de 18h30 \u00e0 20h et le JEUDI de 18H30 \u00e0 20h30.<\/p>\n\n\n\n<figure class=\"wp-block-image size-large is-resized is-style-rounded\"><img loading=\"lazy\" decoding=\"async\" width=\"768\" height=\"1024\" src=\"https:\/\/lacoucourde-mairie.com\/wp-content\/uploads\/2025\/06\/COUNTRY3-768x1024.jpg\" alt=\"\" class=\"wp-image-3499\" style=\"width:156px;height:auto\" srcset=\"https:\/\/lacoucourde-mairie.com\/wp-content\/uploads\/2025\/06\/COUNTRY3-768x1024.jpg 768w, https:\/\/lacoucourde-mairie.com\/wp-content\/uploads\/2025\/06\/COUNTRY3-225x300.jpg 225w, https:\/\/lacoucourde-mairie.com\/wp-content\/uploads\/2025\/06\/COUNTRY3-1152x1536.jpg 1152w, https:\/\/lacoucourde-mairie.com\/wp-content\/uploads\/2025\/06\/COUNTRY3-1536x2048.jpg 1536w, https:\/\/lacoucourde-mairie.com\/wp-content\/uploads\/2025\/06\/COUNTRY3-1024x1365.jpg 1024w, https:\/\/lacoucourde-mairie.com\/wp-content\/uploads\/2025\/06\/COUNTRY3-810x1080.jpg 810w, https:\/\/lacoucourde-mairie.com\/wp-content\/uploads\/2025\/06\/COUNTRY3.jpg 1689w\" sizes=\"auto, (max-width: 768px) 100vw, 768px\" \/><\/figure>\n\n\n\n<p><a href=\"PRESIDENT: Laurence PICARDEL 0616584350 TRESORIERE : ANNIE BOUIX \n06.88.49.60.80-SECR\u00c9TAIRE: Isabelle CHARLES- SECR\u00c9TAIRE ADJOINTE: R\u00e9gine\n SAUVIGN\u00c9-PROFESSEUR: Blandine COQUET- MEMBRE ACTIF: Helene GARNIER \n0695844099\n\nLes cours ont lieu le MARDI  salle Pierre Bonnet de 18h30 \u00e0 20h et le JEUDI de 18H30 \u00e020h30.\nAmbiance d\u00e9tente et convivialit\u00e9.\"><\/a><br><a href=\"mailto:laurencemuller.pic@hotmail.fr\">mail<\/a>: <\/p>\n<\/div><\/div>\n\n\n\n<div class=\"wp-block-group\"><div class=\"wp-block-group__inner-container is-layout-flow wp-block-group-is-layout-flow\">\n<div class=\"wp-block-group\"><div class=\"wp-block-group__inner-container is-layout-flow wp-block-group-is-layout-flow\">\n<div class=\"wp-block-group\"><div class=\"wp-block-group__inner-container is-layout-flow wp-block-group-is-layout-flow\">\n<div class=\"wp-block-group\"><div class=\"wp-block-group__inner-container is-layout-flow wp-block-group-is-layout-flow\">\n<h2 class=\"wp-block-heading\" id=\"fc-la-coucourde\">FC La Coucourde<\/h2>\n\n\n\n<figure class=\"wp-block-image size-large\"><img loading=\"lazy\" decoding=\"async\" width=\"840\" height=\"420\" src=\"https:\/\/lacoucourde-mairie.com\/wp-content\/uploads\/2021\/01\/asso1_1h.jpg\" alt=\"\" class=\"wp-image-204\" srcset=\"https:\/\/lacoucourde-mairie.com\/wp-content\/uploads\/2021\/01\/asso1_1h.jpg 840w, https:\/\/lacoucourde-mairie.com\/wp-content\/uploads\/2021\/01\/asso1_1h-300x150.jpg 300w, https:\/\/lacoucourde-mairie.com\/wp-content\/uploads\/2021\/01\/asso1_1h-768x384.jpg 768w\" sizes=\"auto, (max-width: 840px) 100vw, 840px\" \/><\/figure>\n\n\n\n<p>FCC  saison 2025\/2026<\/p>\n\n\n\n<p> Contact : Pr\u00e9sident Marwan <strong>GOUASMIA<\/strong> 07 62 51 52 40 . Directeur sportif Papi <strong>COLY<\/strong> 06 48 87 43 78<\/p>\n\n\n\n<div class=\"wp-block-media-text is-stacked-on-mobile\" style=\"grid-template-columns:54% auto\"><figure class=\"wp-block-media-text__media\"><img loading=\"lazy\" decoding=\"async\" width=\"1024\" height=\"746\" src=\"https:\/\/lacoucourde-mairie.com\/wp-content\/uploads\/2025\/06\/FCC-BUREAU-1024x746.jpg\" alt=\"\" class=\"wp-image-3486 size-full\" srcset=\"https:\/\/lacoucourde-mairie.com\/wp-content\/uploads\/2025\/06\/FCC-BUREAU-1024x746.jpg 1024w, https:\/\/lacoucourde-mairie.com\/wp-content\/uploads\/2025\/06\/FCC-BUREAU-300x218.jpg 300w, https:\/\/lacoucourde-mairie.com\/wp-content\/uploads\/2025\/06\/FCC-BUREAU-768x559.jpg 768w, https:\/\/lacoucourde-mairie.com\/wp-content\/uploads\/2025\/06\/FCC-BUREAU.jpg 1457w\" sizes=\"auto, (max-width: 1024px) 100vw, 1024px\" \/><\/figure><div class=\"wp-block-media-text__content\">\n<p>Ludovic MARTIN- Audrey MAROTEAUX  Maxime COLLIN &#8211;  Papis COLY  &#8211;  Marwan GOUASMIA et  Valentine GOUASMIA<\/p>\n<\/div><\/div>\n\n\n\n<p><a href=\"mailto:marian26270@gmail.com\">mail<\/a>: fc.coucourde@gmail.com<\/p>\n<\/div><\/div>\n<\/div><\/div>\n<\/div><\/div>\n<\/div><\/div>\n\n\n\n<hr class=\"wp-block-separator\" id=\"occe\"\/>\n\n\n\n<div class=\"wp-block-group\"><div class=\"wp-block-group__inner-container is-layout-flow wp-block-group-is-layout-flow\">\n<h2 class=\"wp-block-heading\" id=\"occe\">OCCE<\/h2>\n\n\n\n<figure class=\"wp-block-image size-large\"><img loading=\"lazy\" decoding=\"async\" width=\"840\" height=\"420\" src=\"https:\/\/lacoucourde-mairie.com\/wp-content\/uploads\/2021\/02\/asso6_1h.jpg\" alt=\"\" class=\"wp-image-370\" srcset=\"https:\/\/lacoucourde-mairie.com\/wp-content\/uploads\/2021\/02\/asso6_1h.jpg 840w, https:\/\/lacoucourde-mairie.com\/wp-content\/uploads\/2021\/02\/asso6_1h-300x150.jpg 300w, https:\/\/lacoucourde-mairie.com\/wp-content\/uploads\/2021\/02\/asso6_1h-768x384.jpg 768w\" sizes=\"auto, (max-width: 840px) 100vw, 840px\" \/><\/figure>\n\n\n\n<p>Responsable : <strong>M\u00e9lanie GIRAUD<\/strong> et l&rsquo;\u00e9quipe de parents d&rsquo;\u00e9l\u00e8ves<br>Gestion d&rsquo;actions dans le but de financer des activit\u00e9s pour les enfants de l&rsquo;\u00e9cole (voyages, sorties, achat de mat\u00e9riel p\u00e9dagogique, abonnements de classe). Kermesse \u00e0 la mi-juin<\/p>\n<\/div><\/div>\n\n\n\n<div class=\"wp-block-group\"><div class=\"wp-block-group__inner-container is-layout-flow wp-block-group-is-layout-flow\">\n<hr class=\"wp-block-separator\" id=\"tennis\"\/>\n\n\n\n<h2 class=\"wp-block-heading\" id=\"tennis-club-coucourdois\">Tennis Club Coucourdois<\/h2>\n\n\n\n<figure class=\"wp-block-gallery has-nested-images columns-default is-cropped wp-block-gallery-1 is-layout-flex wp-block-gallery-is-layout-flex\">\n<figure class=\"wp-block-image size-large is-style-rounded\"><img loading=\"lazy\" decoding=\"async\" width=\"719\" height=\"597\" data-id=\"3621\" src=\"https:\/\/lacoucourde-mairie.com\/wp-content\/uploads\/2025\/09\/AG-du-19-SEPT2025.jpg\" alt=\"\" class=\"wp-image-3621\" srcset=\"https:\/\/lacoucourde-mairie.com\/wp-content\/uploads\/2025\/09\/AG-du-19-SEPT2025.jpg 719w, https:\/\/lacoucourde-mairie.com\/wp-content\/uploads\/2025\/09\/AG-du-19-SEPT2025-300x249.jpg 300w\" sizes=\"auto, (max-width: 719px) 100vw, 719px\" \/><\/figure>\n<\/figure>\n\n\n\n<p>Pr\u00e9sident : Claude <strong>GIRARD<\/strong> &#8211; Tr\u00e9sori\u00e8re: Sandra <strong>ZANANDREIS<\/strong> &#8211; Secr\u00e9taire : Martine <strong>FONTANA<\/strong>. <br><strong>INFOS CLUB:<\/strong> Cours initiation \u00e0 partir de 7 ans, le jeudi de 15H \u00e0 18H. L&rsquo;adh\u00e9sion au club est de 55 \u20ac Tennis et ping-pong. Les cours selon les niveaux les jeudis de 17h \u00e0 19h et toujours de 20H \u00e0 22H. Contact : Sandra 07 88 51 94 52<\/p>\n\n\n\n<p><\/p>\n\n\n\n<figure class=\"wp-block-image size-full size-large is-resized\"><img loading=\"lazy\" decoding=\"async\" width=\"1000\" height=\"559\" src=\"https:\/\/lacoucourde-mairie.com\/wp-content\/uploads\/2025\/09\/AG-du-19-SEPT-2025c.jpg\" alt=\"\" class=\"wp-image-3633\" srcset=\"https:\/\/lacoucourde-mairie.com\/wp-content\/uploads\/2025\/09\/AG-du-19-SEPT-2025c.jpg 1000w, https:\/\/lacoucourde-mairie.com\/wp-content\/uploads\/2025\/09\/AG-du-19-SEPT-2025c-300x168.jpg 300w, https:\/\/lacoucourde-mairie.com\/wp-content\/uploads\/2025\/09\/AG-du-19-SEPT-2025c-768x429.jpg 768w\" sizes=\"auto, (max-width: 1000px) 100vw, 1000px\" \/><\/figure>\n\n\n\n<p><\/p>\n\n\n\n<p><a href=\"mailto: xxxxxxx@orange.f\">mail<\/a><\/p>\n<\/div><\/div>\n\n\n\n<div class=\"wp-block-group\"><div class=\"wp-block-group__inner-container is-layout-flow wp-block-group-is-layout-flow\">\n<hr class=\"wp-block-separator has-alpha-channel-opacity\" id=\"regain\"\/>\n\n\n\n<h2 class=\"wp-block-heading\" id=\"regain\">Regain<\/h2>\n\n\n\n<figure class=\"wp-block-gallery aligncenter has-nested-images columns-1 is-cropped wp-block-gallery-2 is-layout-flex wp-block-gallery-is-layout-flex\">\n<figure class=\"wp-block-image size-large\"><a href=\"https:\/\/lacoucourde-mairie.com\/wp-content\/uploads\/2021\/02\/asso3_1h.jpg\"><img decoding=\"async\" data-id=\"376\" src=\"https:\/\/lacoucourde-mairie.com\/wp-content\/uploads\/2021\/02\/asso3_1h.jpg\" alt=\"\" class=\"wp-image-376\"\/><\/a><\/figure>\n\n\n\n<figure class=\"wp-block-image size-full is-style-rounded\"><a href=\"https:\/\/lacoucourde-mairie.com\/wp-content\/uploads\/2025\/09\/IMG-20250904-WA0007-1.jpg\"><img loading=\"lazy\" decoding=\"async\" width=\"749\" height=\"700\" data-id=\"3582\" src=\"https:\/\/lacoucourde-mairie.com\/wp-content\/uploads\/2025\/09\/IMG-20250904-WA0007-1.jpg\" alt=\"\" class=\"wp-image-3582\" srcset=\"https:\/\/lacoucourde-mairie.com\/wp-content\/uploads\/2025\/09\/IMG-20250904-WA0007-1.jpg 749w, https:\/\/lacoucourde-mairie.com\/wp-content\/uploads\/2025\/09\/IMG-20250904-WA0007-1-300x280.jpg 300w\" sizes=\"auto, (max-width: 749px) 100vw, 749px\" \/><\/a><figcaption class=\"wp-element-caption\">ASSOCIATION   REGAIN<\/figcaption><\/figure>\n<\/figure>\n\n\n\n<p>Pr\u00e9sident : <strong>Fr\u00e8d<\/strong> <strong>NOEL<\/strong>, Tr\u00e9sori\u00e8re <strong>St\u00e9phanie NOEL<\/strong>., Secr\u00e9taire <strong>Efisio MASCIA<\/strong>, Secr\u00e9taire adjointe <strong>Maryline<\/strong> <strong>MASCIA<\/strong>.<\/p>\n\n\n\n<p><strong>Membres<\/strong> : Christian CHANTEPERDRIX, Claude GIRARD, Yves PERRIN, Edouard PIETROWSKI, Claudine PLAGIAS, Michel RIVIER, Marie-Jeanne RIVIER, Brigitte ROBERT.<br>Association loi 1901. Le CLUB est ouvert de 13h30 h \u00e0\u00a017h les mardis (Ferm\u00e9 juillet et ao\u00fbt).<br><strong>Contact<\/strong> :<strong> Noel<\/strong> Fred 06.14.93.85.36 ou <strong>MASCIA<\/strong> Efisio : 06.68.67.91.84<\/p>\n\n\n\n<p><a href=\"mailto:26genevieve@orange.fr\">mail<\/a>: regainlacoucourde@gmail.com<\/p>\n<\/div><\/div>\n","protected":false},"excerpt":{"rendered":"<p>Page compos\u00e9e \u00e0 l&rsquo;initiative des associations. L&rsquo;Alpion &#8211; ACCA Assembl\u00e9e G\u00e9n\u00e9rale 23 juin 2024. Pr\u00e9sident : Michel DONOLATO, Secr\u00e9taire : Valentin GRIOT, Tr\u00e9sorier : Christophe CHAUDOUARD. (prochaine AG le 22 juin 2025) Membres : Michel ESPOSITO , C\u00e9dric QUENIN et K\u00e9vin LEFRANCOISPour le bon fonctionnement de notre association : En p\u00e9riode de chasse : battues&hellip; <br \/> <a class=\"read-more\" href=\"https:\/\/lacoucourde-mairie.com\/associations\/\">Lire la suite<\/a><\/p>\n","protected":false},"author":1,"featured_media":3621,"parent":0,"menu_order":0,"comment_status":"closed","ping_status":"closed","template":"page-templates\/page-with-right-sidebar.php","meta":{"footnotes":""},"class_list":["post-356","page","type-page","status-publish","has-post-thumbnail","hentry"],"_links":{"self":[{"href":"https:\/\/lacoucourde-mairie.com\/wp-json\/wp\/v2\/pages\/356","targetHints":{"allow":["GET"]}}],"collection":[{"href":"https:\/\/lacoucourde-mairie.com\/wp-json\/wp\/v2\/pages"}],"about":[{"href":"https:\/\/lacoucourde-mairie.com\/wp-json\/wp\/v2\/types\/page"}],"author":[{"embeddable":true,"href":"https:\/\/lacoucourde-mairie.com\/wp-json\/wp\/v2\/users\/1"}],"replies":[{"embeddable":true,"href":"https:\/\/lacoucourde-mairie.com\/wp-json\/wp\/v2\/comments?post=356"}],"version-history":[{"count":84,"href":"https:\/\/lacoucourde-mairie.com\/wp-json\/wp\/v2\/pages\/356\/revisions"}],"predecessor-version":[{"id":3792,"href":"https:\/\/lacoucourde-mairie.com\/wp-json\/wp\/v2\/pages\/356\/revisions\/3792"}],"wp:featuredmedia":[{"embeddable":true,"href":"https:\/\/lacoucourde-mairie.com\/wp-json\/wp\/v2\/media\/3621"}],"wp:attachment":[{"href":"https:\/\/lacoucourde-mairie.com\/wp-json\/wp\/v2\/media?parent=356"}],"curies":[{"name":"wp","href":"https:\/\/api.w.org\/{rel}","templated":true}]}}