{"id":1312,"date":"2021-03-06T09:53:10","date_gmt":"2021-03-06T09:53:10","guid":{"rendered":"https:\/\/lacoucourde-mairie.com\/?page_id=1312"},"modified":"2024-06-04T20:00:16","modified_gmt":"2024-06-04T20:00:16","slug":"liens","status":"publish","type":"page","link":"https:\/\/lacoucourde-mairie.com\/liens\/","title":{"rendered":"Liens"},"content":{"rendered":"\n<figure class=\"wp-block-table\"><table><tbody><tr><td><\/td><td><\/td><\/tr><tr><td><a rel=\"noreferrer noopener\" href=\"http:\/\/www.lesbonsreflexes.com\" target=\"_blank\">RISQUES INDUSTRIELS MAJEURS<\/a><\/td><td>Informations sur les r\u00e9flexes a avoir en cas d&rsquo;incident<\/td><\/tr><tr><td><a rel=\"noreferrer noopener\" href=\"http:\/\/www.ecoemballages.fr\" target=\"_blank\">ECO-EMBALLAGE<\/a><\/td><td>Comment r\u00e9duire nos d\u00e9chets<\/td><\/tr><tr><td><a rel=\"noreferrer noopener\" href=\"http:\/\/www.montelimar-tourisme.com\" target=\"_blank\">OFFICE DE TOURISME AGGLO<\/a><\/td><td>Office de tourisme de Mont\u00e9limar-agglom\u00e9ration<\/td><\/tr><tr><td><a rel=\"noreferrer noopener\" href=\"http:\/\/www.montelimar-agglo.fr\/le_periscolaire.html\" target=\"_blank\">MONTELIMAR AGGLO-PERISCOLAIRE<\/a><\/td><td>Pour toutes les informations concernant le periscolaire<\/td><\/tr><tr><td><a rel=\"noreferrer noopener\" href=\"http:\/\/www.montelimar-agglo.fr\" target=\"_blank\">MONTELIMAR AGGLO<\/a><\/td><td>Communaut\u00e9 d&rsquo;Agglom\u00e9ration<\/td><\/tr><tr><td><a rel=\"noreferrer noopener\" href=\"https:\/\/www.espace-citoyens.net\/montelimar-agglo\/espace-citoyens\/\" target=\"_blank\">AGGLO PORTAIL FAMILLE<\/a><\/td><td>Lien pour les familles de Mont\u00e9limar Agglo<\/td><\/tr><tr><td><a rel=\"noreferrer noopener\" href=\"http:\/\/www.eaupotable.sante.gouv.fr\" target=\"_blank\">MINISTERE DE LA SANTE-QUALITE DE L&rsquo;EAU<\/a><\/td><td>Contr\u00f4le sanitaire de l&rsquo;eau<\/td><\/tr><tr><td><a rel=\"noreferrer noopener\" href=\"http:\/\/www.le-recensement-et-moi.fr\" target=\"_blank\">INSEE<\/a><\/td><td>Recensement de la population<\/td><\/tr><tr><td><a rel=\"noreferrer noopener\" href=\"http:\/\/www.herodote.net\/index.htm\" target=\"_blank\">HERODOTE<\/a><\/td><td>Histoire, des origines a nos jours<\/td><\/tr><tr><td><a rel=\"noreferrer noopener\" href=\"http:\/\/www.criirad.org\" target=\"_blank\">CRIIRAD<\/a><\/td><td>Surveillance de la radioactivit\u00e9 atmosph\u00e9rique et aquatique &#8211; R\u00e9seau de balises CRIIRAD<\/td><\/tr><tr><td><a rel=\"noreferrer noopener\" href=\"http:\/\/www.Service-Public.fr\" target=\"_blank\">SITE OFFICIEL DE L&rsquo;ADMINISTRATION FRANCAISE<\/a><\/td><td>Connaitre vos droits et effectuer vos d\u00e9marches<\/td><\/tr><tr><td><a href=\"https:\/\/comparateur-ade.com\/aides-au-logement\">COMPARATEUR AIDE AU LOGEMENT <\/a><\/td><td>Aides au logement 2023: propri\u00e9taires, locataires, achat, r\u00e9novation.<\/td><\/tr><tr><td><a rel=\"noreferrer noopener\" href=\"http:\/\/www.linternaute.com\/ville\/ville\/donnee\/18782\/la_coucourde.shtml\" target=\"_blank\">L&rsquo;internaute des villes<\/a><\/td><td>Encyclop\u00e9die des villes de France<\/td><\/tr><tr><td><a rel=\"noreferrer noopener\" href=\"http:\/\/www.dreamotors.fr\" target=\"_blank\">Sarl Dreamotors<\/a><\/td><td>Vente v\u00e9hicules. Sp\u00e9cialiste Porsche et Jeep<\/td><\/tr><tr><td><a rel=\"noreferrer noopener\" href=\"http:\/\/www.primeur-service.fr\" target=\"_blank\">Primeur Service<\/a><\/td><td>Livraison a domicile de fruits et l\u00e9gumes<\/td><\/tr><tr><td><strong><a href=\"https:\/\/thetrainline.com\/fr\/compagnies-ferrovieres\/sncf\">Transports en train<\/a><\/strong><\/td><td>Voyager en train. Comparer les compagnies ferrovi\u00e8res<\/td><\/tr><tr><td><a href=\"https:\/\/aubergedelanougatine.com\">Auberge de la Nougatine<\/a><\/td><td>H\u00f4tel restaurant<\/td><\/tr><tr><td><a rel=\"noreferrer noopener\" href=\"http:\/\/www.campingfloral.com\" target=\"_blank\">Camping Floral<\/a><\/td><td>Camping &#8211; Snack<\/td><\/tr><tr><td><a rel=\"noreferrer noopener\" href=\"https:\/\/www.lacoucourde-mairie.com\/c-aufildeleyne@orange.fr\" target=\"_blank\">Au Fil de Leyne<\/a><\/td><td>Gite et chambres d&rsquo;h\u00f4tes<\/td><\/tr><tr><td><a rel=\"noreferrer noopener\" href=\"http:\/\/www.kcendra.com\" target=\"_blank\">KCendra Infographie<\/a><\/td><td>Images de synth\u00e8se, sites internet (concepteurs du site), impression 3D<\/td><\/tr><\/tbody><\/table><\/figure>\n","protected":false},"excerpt":{"rendered":"<p>RISQUES INDUSTRIELS MAJEURS Informations sur les r\u00e9flexes a avoir en cas d&rsquo;incident ECO-EMBALLAGE Comment r\u00e9duire nos d\u00e9chets OFFICE DE TOURISME AGGLO Office de tourisme de Mont\u00e9limar-agglom\u00e9ration MONTELIMAR AGGLO-PERISCOLAIRE Pour toutes les informations concernant le periscolaire MONTELIMAR AGGLO Communaut\u00e9 d&rsquo;Agglom\u00e9ration AGGLO PORTAIL FAMILLE Lien pour les familles de Mont\u00e9limar Agglo MINISTERE DE LA SANTE-QUALITE DE L&rsquo;EAU&hellip; <br \/> <a class=\"read-more\" href=\"https:\/\/lacoucourde-mairie.com\/liens\/\">Lire la suite<\/a><\/p>\n","protected":false},"author":1,"featured_media":0,"parent":0,"menu_order":0,"comment_status":"closed","ping_status":"closed","template":"","meta":{"footnotes":""},"class_list":["post-1312","page","type-page","status-publish","hentry"],"_links":{"self":[{"href":"https:\/\/lacoucourde-mairie.com\/wp-json\/wp\/v2\/pages\/1312","targetHints":{"allow":["GET"]}}],"collection":[{"href":"https:\/\/lacoucourde-mairie.com\/wp-json\/wp\/v2\/pages"}],"about":[{"href":"https:\/\/lacoucourde-mairie.com\/wp-json\/wp\/v2\/types\/page"}],"author":[{"embeddable":true,"href":"https:\/\/lacoucourde-mairie.com\/wp-json\/wp\/v2\/users\/1"}],"replies":[{"embeddable":true,"href":"https:\/\/lacoucourde-mairie.com\/wp-json\/wp\/v2\/comments?post=1312"}],"version-history":[{"count":9,"href":"https:\/\/lacoucourde-mairie.com\/wp-json\/wp\/v2\/pages\/1312\/revisions"}],"predecessor-version":[{"id":3135,"href":"https:\/\/lacoucourde-mairie.com\/wp-json\/wp\/v2\/pages\/1312\/revisions\/3135"}],"wp:attachment":[{"href":"https:\/\/lacoucourde-mairie.com\/wp-json\/wp\/v2\/media?parent=1312"}],"curies":[{"name":"wp","href":"https:\/\/api.w.org\/{rel}","templated":true}]}}