{"id":128,"date":"2021-01-22T10:39:43","date_gmt":"2021-01-22T10:39:43","guid":{"rendered":"https:\/\/lacoucourde-mairie.com\/?page_id=128"},"modified":"2025-07-30T19:30:28","modified_gmt":"2025-07-30T19:30:28","slug":"ccas","status":"publish","type":"page","link":"https:\/\/lacoucourde-mairie.com\/ccas\/","title":{"rendered":"CCAS"},"content":{"rendered":"\n<h2 class=\"wp-block-heading\">Centre Communal d&rsquo;Action Sociale<\/h2>\n\n\n\n<p class=\"has-black-color has-text-color\">Dans la cadre de la loi n\u00b0 2004-626 du 30 juin 2004 et du d\u00e9cret n\u00b0 2004-926 du 1er septembre 2004, un registre nominatif des personnes \u00e2g\u00e9es et des personnes handicap\u00e9es a \u00e9t\u00e9 mis en place en mairie, avec pour but de favoriser l&rsquo;intervention des services sanitaires et sociaux aupr\u00e8s des personnes fragiles isol\u00e9es \u00e0 domicile en cas de d\u00e9clenchement de plan d&rsquo;alerte et d&rsquo;urgence (canicule, froid exceptionnel). Pour vous faire inscrire sur ce registre, contacter le secr\u00e9tariat de mairie au 04.75.90.23.23.<\/p>\n\n\n\n<h5 class=\"wp-block-heading\">Conseil d&rsquo;administration<\/h5>\n\n\n\n<ul class=\"wp-block-list\">\n<li>Jean-Luc <strong>ZANON<\/strong> (Pr\u00e9sident)<\/li>\n\n\n\n<li>Brigitte <strong>HERMAN<\/strong> (Vice-Pr\u00e9sidente)<\/li>\n\n\n\n<li>Eric <strong>ARSAC<\/strong><\/li>\n\n\n\n<li>Carol <strong>LAFFONT<\/strong><\/li>\n\n\n\n<li>Fred <strong>NOEL<\/strong><\/li>\n\n\n\n<li>Genevi\u00e8ve O<strong>EIL<\/strong><\/li>\n\n\n\n<li>V\u00e9ronique V<strong>ASSEUR<\/strong><\/li>\n\n\n\n<li>Nicole <strong>VESSIERES<\/strong><\/li>\n<\/ul>\n\n\n\n<p><em><strong>Un service de repas \u00e0 domicile<\/strong><\/em>. Des repas complets et \u00e9quilibr\u00e9s sont propos\u00e9s aux personnes \u00e2g\u00e9es et\/ou handicap\u00e9es (sur inscriptions). Le CCAS prend en charge la livraison des repas \u00e0 domicile, effectu\u00e9e par le personnel des services techniques de la commune, ou un membre du CCAS, un plus qui permet de maintenir le contact et \u00e9viter l&rsquo;isolement. La demande d&rsquo;inscription se fait aupr\u00e8s du secr\u00e9tariat de mairie ou du CCAS suivant conditions.<\/p>\n\n\n\n<p><\/p>\n","protected":false},"excerpt":{"rendered":"<p>Centre Communal d&rsquo;Action Sociale Dans la cadre de la loi n\u00b0 2004-626 du 30 juin 2004 et du d\u00e9cret n\u00b0 2004-926 du 1er septembre 2004, un registre nominatif des personnes \u00e2g\u00e9es et des personnes handicap\u00e9es a \u00e9t\u00e9 mis en place en mairie, avec pour but de favoriser l&rsquo;intervention des services sanitaires et sociaux aupr\u00e8s des&hellip; <br \/> <a class=\"read-more\" href=\"https:\/\/lacoucourde-mairie.com\/ccas\/\">Lire la suite<\/a><\/p>\n","protected":false},"author":1,"featured_media":0,"parent":0,"menu_order":0,"comment_status":"closed","ping_status":"closed","template":"","meta":{"footnotes":""},"class_list":["post-128","page","type-page","status-publish","hentry"],"_links":{"self":[{"href":"https:\/\/lacoucourde-mairie.com\/wp-json\/wp\/v2\/pages\/128","targetHints":{"allow":["GET"]}}],"collection":[{"href":"https:\/\/lacoucourde-mairie.com\/wp-json\/wp\/v2\/pages"}],"about":[{"href":"https:\/\/lacoucourde-mairie.com\/wp-json\/wp\/v2\/types\/page"}],"author":[{"embeddable":true,"href":"https:\/\/lacoucourde-mairie.com\/wp-json\/wp\/v2\/users\/1"}],"replies":[{"embeddable":true,"href":"https:\/\/lacoucourde-mairie.com\/wp-json\/wp\/v2\/comments?post=128"}],"version-history":[{"count":9,"href":"https:\/\/lacoucourde-mairie.com\/wp-json\/wp\/v2\/pages\/128\/revisions"}],"predecessor-version":[{"id":3568,"href":"https:\/\/lacoucourde-mairie.com\/wp-json\/wp\/v2\/pages\/128\/revisions\/3568"}],"wp:attachment":[{"href":"https:\/\/lacoucourde-mairie.com\/wp-json\/wp\/v2\/media?parent=128"}],"curies":[{"name":"wp","href":"https:\/\/api.w.org\/{rel}","templated":true}]}}